{"id":35,"date":"2022-06-19T16:15:17","date_gmt":"2022-06-19T16:15:17","guid":{"rendered":"http:\/\/192.168.178.51\/spelwelpodcast.com\/?page_id=35"},"modified":"2022-06-20T12:59:59","modified_gmt":"2022-06-20T12:59:59","slug":"spelwel-podcast","status":"publish","type":"page","link":"https:\/\/spelwelpodcast.com\/","title":{"rendered":"SpelWel Podcast"},"content":{"rendered":"\n<p>Spelwel podcast is een boardgamepodcast met Arno, Franz en Rafting. In elke podcast bespreken we twee spellen. \u00c9\u00e9n spel dat we hebben en willen houden en \u00e9\u00e9n spel dat we hadden, maar toch liever weg wilden uit onze collectie.<\/p>\n\n\n\n<p><br>Tijdens de podcast bespreken we vooral de spelervaring van het spel. Wat vinden we leuk of<br>ingenieus en wat nu net weer niet. Wil je nieuwe en verrassende spellen leren kennen op een<br>enthousiaste, maar kritische manier dan ben je bij ons aan het juiste adres. Wil je een spel echt<br>snappen, dan kan je ongetwijfeld elders beter terecht.<\/p>\n\n\n\n<p><br>We bouwen alle twee al een tijdje aan een diverse spellenkast. We hebben samen momenteel 70 +<br>spellen, maar hebben er ook al 30+ terug verkocht. We zijn hierbij zeker niet op zoek spel naar het<br>nieuwste van het nieuwste. Onze voorkeur gaat uit naar 2dehands spellen dus we hebben eerder<br>een voorkeur voor old but gold. Deze podcast is dus ideaal om die spellen te leren kennen die je<br>gemist hebt in het verleden.<\/p>\n\n\n\n<h1><strong>Afleveringen:<\/strong><\/h1>\n\n\n<ul class=\"wp-block-latest-posts__list wp-block-latest-posts\"><li><a class=\"wp-block-latest-posts__post-title\" href=\"https:\/\/spelwelpodcast.com\/index.php\/2022\/06\/20\/ep1-lords-of-xidit-en-cryptid-2\/\">ep1: Lords of Xidit en Cryptid<\/a><\/li>\n<\/ul>","protected":false},"excerpt":{"rendered":"<p>Spelwel podcast is een boardgamepodcast met Arno, Franz en Rafting. In elke podcast bespreken we twee spellen. \u00c9\u00e9n spel dat we hebben en willen houden&#8230;<\/p>\n<div class=\"more-link-wrapper\"><a class=\"more-link\" href=\"https:\/\/spelwelpodcast.com\/\">&#8230;<span class=\"screen-reader-text\">SpelWel Podcast<\/span><\/a><\/div>\n","protected":false},"author":1,"featured_media":0,"parent":0,"menu_order":0,"comment_status":"closed","ping_status":"closed","template":"","meta":[],"_links":{"self":[{"href":"https:\/\/spelwelpodcast.com\/index.php\/wp-json\/wp\/v2\/pages\/35"}],"collection":[{"href":"https:\/\/spelwelpodcast.com\/index.php\/wp-json\/wp\/v2\/pages"}],"about":[{"href":"https:\/\/spelwelpodcast.com\/index.php\/wp-json\/wp\/v2\/types\/page"}],"author":[{"embeddable":true,"href":"https:\/\/spelwelpodcast.com\/index.php\/wp-json\/wp\/v2\/users\/1"}],"replies":[{"embeddable":true,"href":"https:\/\/spelwelpodcast.com\/index.php\/wp-json\/wp\/v2\/comments?post=35"}],"version-history":[{"count":8,"href":"https:\/\/spelwelpodcast.com\/index.php\/wp-json\/wp\/v2\/pages\/35\/revisions"}],"predecessor-version":[{"id":114,"href":"https:\/\/spelwelpodcast.com\/index.php\/wp-json\/wp\/v2\/pages\/35\/revisions\/114"}],"wp:attachment":[{"href":"https:\/\/spelwelpodcast.com\/index.php\/wp-json\/wp\/v2\/media?parent=35"}],"curies":[{"name":"wp","href":"https:\/\/api.w.org\/{rel}","templated":true}]}}